{"id":828,"date":"2018-08-07T19:31:58","date_gmt":"2018-08-07T19:31:58","guid":{"rendered":"http:\/\/staging.icich.icomos.org\/?page_id=828"},"modified":"2018-08-12T18:28:43","modified_gmt":"2018-08-12T18:28:43","slug":"publications","status":"publish","type":"page","link":"https:\/\/icich.icomos.org\/index.php\/publications\/","title":{"rendered":"Publications"},"content":{"rendered":"<div class=\"pub-listing\">\r\n\t<h2 class=\"pub-title\"><a href=\"https:\/\/icich.icomos.org\/index.php\/publication\/five-feet-from-heaven-the-world-heritage-convention-mountains-of-meaning-and-inspirational-landscapes-identifying-and-protecting-mountains-intangible-heritage-values\/\">&#8216;Five feet from heaven&#8217;: The World Heritage convention, &#8216;mountains of meaning&#8217; and inspirational landscapes. Identifying and protecting mountains&#8217; intangible heritage values<\/a><\/h2>\r\n\t\r\n\t<div class=\"biblio\">\r\n\t\t<p>Beazley, Olwen. 2005.\u00a0&#8216;Five feet from heaven&#8217;: The World Heritage convention, &#8216;mountains of meaning&#8217; and inspirational landscapes. Identifying and protecting mountains&#8217; intangible heritage values. <em>Historic Environment<\/em> 18(2): pp. 3-10.<\/p>\n\r\n\t<\/div>\r\n\t\r\n\t<div class=\"files\">\r\n\t\t<a href=\"https:\/\/icich.icomos.org\/index.php\/publication\/five-feet-from-heaven-the-world-heritage-convention-mountains-of-meaning-and-inspirational-landscapes-identifying-and-protecting-mountains-intangible-heritage-values\/\" title=\"Details\" class=\"btn btn-secondary publink\" target=\"_blank\" rel=\"noopener noreferrer\">Details<\/a>\r\n\t\t\r\n\r\n\t\t\r\n\t\t\t<a href=\"https:\/\/search.informit.com.au\/documentSummary;dn=557452417737435;res=IELAPA\" title=\"Link publication\" class=\"btn btn-secondary publink\" target=\"_blank\" rel=\"noopener noreferrer\"><i class=\"fa fa-external-link\" aria-hidden=\"true\"><\/i> Link to publication<\/a>\r\n\t\t\r\n\t<\/div>\r\n<\/div><div class=\"pub-listing\">\r\n\t<h2 class=\"pub-title\"><a href=\"https:\/\/icich.icomos.org\/index.php\/publication\/if-you-have-an-elephant-you-do-not-want-to-walk-on-the-ground-the-thai-elephant-as-a-nexus-between-culture-and-nature\/\">&#8216;If you have an elephant, you do not want to walk on the ground&#8217;: The Thai elephant as a nexus between culture and nature<\/a><\/h2>\r\n\t\r\n\t<div class=\"biblio\">\r\n\t\t<p>Harrington, Jane. &#8216;If you have an elephant, you do not want to walk on the ground&#8217;: The Thai elephant as a nexus between culture and nature. <em>Historic Environment<\/em>, Vol. 19, No. 1, 2005: 18-24.<\/p>\n\r\n\t<\/div>\r\n\t\r\n\t<div class=\"files\">\r\n\t\t<a href=\"https:\/\/icich.icomos.org\/index.php\/publication\/if-you-have-an-elephant-you-do-not-want-to-walk-on-the-ground-the-thai-elephant-as-a-nexus-between-culture-and-nature\/\" title=\"Details\" class=\"btn btn-secondary publink\" target=\"_blank\" rel=\"noopener noreferrer\">Details<\/a>\r\n\t\t\r\n\r\n\t\t\r\n\t\t\t<a href=\"https:\/\/search.informit.org\/documentSummary;res=IELAPA;dn=559148018121931\" title=\"Link publication\" class=\"btn btn-secondary publink\" target=\"_blank\" rel=\"noopener noreferrer\"><i class=\"fa fa-external-link\" aria-hidden=\"true\"><\/i> Link to publication<\/a>\r\n\t\t\r\n\t<\/div>\r\n<\/div><div class=\"pub-listing\">\r\n\t<h2 class=\"pub-title\"><a href=\"https:\/\/icich.icomos.org\/index.php\/publication\/intangible-values-as-heritage-in-australia\/\">&#8216;Intangible values&#8217; as heritage in Australia<\/a><\/h2>\r\n\t\r\n\t<div class=\"biblio\">\r\n\t\t<p>Truscott, Marilyn. &#8216;Intangible values&#8217; as heritage in Australia. <em>Historic Environment<\/em>, Vol. 14, No. 5, 2000: 22-30.<\/p>\n\r\n\t<\/div>\r\n\t\r\n\t<div class=\"files\">\r\n\t\t<a href=\"https:\/\/icich.icomos.org\/index.php\/publication\/intangible-values-as-heritage-in-australia\/\" title=\"Details\" class=\"btn btn-secondary publink\" target=\"_blank\" rel=\"noopener noreferrer\">Details<\/a>\r\n\t\t\r\n\t\t\t<a href=\"https:\/\/icich.icomos.org\/wp-content\/uploads\/2018\/08\/Intangible-Values-as-Heritage-in-Australia-vol-14-no-5.pdf\" title=\"Download publication\" class=\"btn btn-secondary publink\" target=\"_blank\" rel=\"noopener noreferrer\"><i class=\"fa fa-file-pdf-o\" aria-hidden=\"true\"><\/i> Download publication<\/a>\r\n\t\t\r\n\r\n\t\t\r\n\t<\/div>\r\n<\/div><div class=\"pub-listing\">\r\n\t<h2 class=\"pub-title\"><a href=\"https:\/\/icich.icomos.org\/index.php\/publication\/intangible-and-tangible-heritage-a-topology-of-culture-in-contexts-of-faith\/\">\u2018Intangible\u2019 and \u2018tangible\u2019 heritage:  A topology of culture  in contexts of faith<\/a><\/h2>\r\n\t\r\n\t<div class=\"biblio\">\r\n\t\t<p>Rudolff, Britta. 2006. &#8216;Intangible&#8217; and &#8216;tangible&#8217; heritage. PhD Thesis: Johannes Gutenberg-University of Mainz, Germany.<\/p>\n\r\n\t<\/div>\r\n\t\r\n\t<div class=\"files\">\r\n\t\t<a href=\"https:\/\/icich.icomos.org\/index.php\/publication\/intangible-and-tangible-heritage-a-topology-of-culture-in-contexts-of-faith\/\" title=\"Details\" class=\"btn btn-secondary publink\" target=\"_blank\" rel=\"noopener noreferrer\">Details<\/a>\r\n\t\t\r\n\r\n\t\t\r\n\t\t\t<a href=\"https:\/\/d-nb.info\/1000727173\/34\" title=\"Link publication\" class=\"btn btn-secondary publink\" target=\"_blank\" rel=\"noopener noreferrer\"><i class=\"fa fa-external-link\" aria-hidden=\"true\"><\/i> Link to publication<\/a>\r\n\t\t\r\n\t<\/div>\r\n<\/div><div class=\"pub-listing\">\r\n\t<h2 class=\"pub-title\"><a href=\"https:\/\/icich.icomos.org\/index.php\/publication\/safeguarding-a-key-dispositif-of-the-ich-convention\/\">\u2018Safeguarding\u2019, a key dispositif of the ICH convention<\/a><\/h2>\r\n\t\r\n\t<div class=\"biblio\">\r\n\t\t<p>Arantes, Antonio. 2019. \u2018Safeguarding\u2019, a key dispositif of the ICH convention. <em>Vibrant, Virtual Braz. Anthr.<\/em> vol.16 Bras\u00edlia.<\/p>\n\r\n\t<\/div>\r\n\t\r\n\t<div class=\"files\">\r\n\t\t<a href=\"https:\/\/icich.icomos.org\/index.php\/publication\/safeguarding-a-key-dispositif-of-the-ich-convention\/\" title=\"Details\" class=\"btn btn-secondary publink\" target=\"_blank\" rel=\"noopener noreferrer\">Details<\/a>\r\n\t\t\r\n\t\t\t<a href=\"https:\/\/icich.icomos.org\/wp-content\/uploads\/2019\/06\/\u2018Safeguarding\u2019-a-key-dispositif-of-the-ICH-convention.pdf\" title=\"Download publication\" class=\"btn btn-secondary publink\" target=\"_blank\" rel=\"noopener noreferrer\"><i class=\"fa fa-file-pdf-o\" aria-hidden=\"true\"><\/i> Download publication<\/a>\r\n\t\t\r\n\r\n\t\t\r\n\t\t\t<a href=\"http:\/\/www.scielo.br\/scielo.php?script=sci_arttext&pid=S1809-43412019000100300&lng=en&tlng=en\" title=\"Link publication\" class=\"btn btn-secondary publink\" target=\"_blank\" rel=\"noopener noreferrer\"><i class=\"fa fa-external-link\" aria-hidden=\"true\"><\/i> Link to publication<\/a>\r\n\t\t\r\n\t<\/div>\r\n<\/div><div class=\"pub-listing\">\r\n\t<h2 class=\"pub-title\"><a href=\"https:\/\/icich.icomos.org\/index.php\/publication\/a-community-convention-an-analysis-of-free-prior-and-informed-consent-given-under-the-2003-convention\/\">A community convention? An analysis of free, prior and informed consent given under the 2003 Convention<\/a><\/h2>\r\n\t\r\n\t<div class=\"biblio\">\r\n\t\t<p>Rudolff, B. and S. Raymond. 2013. A community convention? An analysis of free, prior and informed consent given under the 2003 Convention.\u00a0<em>International Journal of Intangible Heritage<\/em>\u00a08: pp. 153-164.<\/p>\n\r\n\t<\/div>\r\n\t\r\n\t<div class=\"files\">\r\n\t\t<a href=\"https:\/\/icich.icomos.org\/index.php\/publication\/a-community-convention-an-analysis-of-free-prior-and-informed-consent-given-under-the-2003-convention\/\" title=\"Details\" class=\"btn btn-secondary publink\" target=\"_blank\" rel=\"noopener noreferrer\">Details<\/a>\r\n\t\t\r\n\t\t\t<a href=\"https:\/\/icich.icomos.org\/wp-content\/uploads\/2018\/08\/IJIH-Vol.828eng2928Britta20Rudolff.Susanne20Raymond29.pdf\" title=\"Download publication\" class=\"btn btn-secondary publink\" target=\"_blank\" rel=\"noopener noreferrer\"><i class=\"fa fa-file-pdf-o\" aria-hidden=\"true\"><\/i> Download publication<\/a>\r\n\t\t\r\n\r\n\t\t\r\n\t<\/div>\r\n<\/div><div class=\"pub-listing\">\r\n\t<h2 class=\"pub-title\"><a href=\"https:\/\/icich.icomos.org\/index.php\/publication\/a-network-of-traditional-knowledge-the-intangible-heritage-of-water-distribution-in-bahrain\/\">A network of traditional knowledge: the intangible heritage of water distribution in Bahrain<\/a><\/h2>\r\n\t\r\n\t<div class=\"biblio\">\r\n\t\t<p>Rudolff, Britta and Muhammad alZekri. 2014. A network of traditional knowledge: the intangible heritage of water distribution in Bahrain.\u00a0<em>International Journal of Intangible Heritage<\/em> 9: pp. 83-97.<\/p>\n\r\n\t<\/div>\r\n\t\r\n\t<div class=\"files\">\r\n\t\t<a href=\"https:\/\/icich.icomos.org\/index.php\/publication\/a-network-of-traditional-knowledge-the-intangible-heritage-of-water-distribution-in-bahrain\/\" title=\"Details\" class=\"btn btn-secondary publink\" target=\"_blank\" rel=\"noopener noreferrer\">Details<\/a>\r\n\t\t\r\n\r\n\t\t\r\n\t\t\t<a href=\"https:\/\/www.researchgate.net\/publication\/297551251_A_network_of_traditional_knowledge_The_intangible_heritage_of_water_distribution_in_Bahrain\" title=\"Link publication\" class=\"btn btn-secondary publink\" target=\"_blank\" rel=\"noopener noreferrer\"><i class=\"fa fa-external-link\" aria-hidden=\"true\"><\/i> Link to publication<\/a>\r\n\t\t\r\n\t<\/div>\r\n<\/div><div class=\"pub-listing\">\r\n\t<h2 class=\"pub-title\"><a href=\"https:\/\/icich.icomos.org\/index.php\/publication\/alianzas-para-mitigar-riesgos-que-amenazan-la-conservacion-del-patrimonio-cultural-intangible-algunas-reflexiones-para-el-caso-de-costa-rica\/\">Alianzas para mitigar riesgos que amenazan la conservaci\u00f3n del patrimonio cultural intangible: algunas reflexiones para el caso de Costa Rica<\/a><\/h2>\r\n\t\r\n\t<div class=\"biblio\">\r\n\t\t<p>Chang-Vargas, G. 2013. Alianzas para mitigar riesgos que amenazan la conservaci\u00f3n del patrimonio cultural intangible: algunas reflexiones para el caso de Costa Rica. <em>ICOMOS International Scientific Symposium<\/em>: pp. 164-176.<\/p>\n\r\n\t<\/div>\r\n\t\r\n\t<div class=\"files\">\r\n\t\t<a href=\"https:\/\/icich.icomos.org\/index.php\/publication\/alianzas-para-mitigar-riesgos-que-amenazan-la-conservacion-del-patrimonio-cultural-intangible-algunas-reflexiones-para-el-caso-de-costa-rica\/\" title=\"Details\" class=\"btn btn-secondary publink\" target=\"_blank\" rel=\"noopener noreferrer\">Details<\/a>\r\n\t\t\r\n\t\t\t<a href=\"https:\/\/icich.icomos.org\/wp-content\/uploads\/2018\/08\/Alianzas-para-mitigar-riesgos.pdf\" title=\"Download publication\" class=\"btn btn-secondary publink\" target=\"_blank\" rel=\"noopener noreferrer\"><i class=\"fa fa-file-pdf-o\" aria-hidden=\"true\"><\/i> Download publication<\/a>\r\n\t\t\r\n\r\n\t\t\r\n\t<\/div>\r\n<\/div><div class=\"pub-listing\">\r\n\t<h2 class=\"pub-title\"><a href=\"https:\/\/icich.icomos.org\/index.php\/publication\/decimo-octava-edicion-de-la-revista-mec-edupaz-con-el-tema-de-artes-y-arquitectura-funerarias-mujeres-y-covid19\/\">Artes y Arquitectura Funerarias, Mujeres y COVID19<\/a><\/h2>\r\n\t\r\n\t<div class=\"biblio\">\r\n\t\t<p>Mota Botello, Graciela (ed.) &#8220;Artes y Arquitectura Funerarias, Mujeres y COVID19,&#8221; <em>PATRIMONIO: ECONOM\u00cdA CULTURAL Y EDUCACI\u00d3N PARA LA PAZ (MEC-EDUPAZ)<\/em>, A\u00f1o 9, No. 18, Volumen 2 de &#8220;marzo&#8221; a &#8220;Septiembre\u201d 2020, la Universidad Nacional Aut\u00f3noma de M\u00e9xico.\u00a0<\/p>\n\r\n\t<\/div>\r\n\t\r\n\t<div class=\"files\">\r\n\t\t<a href=\"https:\/\/icich.icomos.org\/index.php\/publication\/decimo-octava-edicion-de-la-revista-mec-edupaz-con-el-tema-de-artes-y-arquitectura-funerarias-mujeres-y-covid19\/\" title=\"Details\" class=\"btn btn-secondary publink\" target=\"_blank\" rel=\"noopener noreferrer\">Details<\/a>\r\n\t\t\r\n\t\t\t<a href=\"https:\/\/icich.icomos.org\/wp-content\/uploads\/2020\/10\/DIVULGACION-REVISTA-18_reduced.pdf\" title=\"Download publication\" class=\"btn btn-secondary publink\" target=\"_blank\" rel=\"noopener noreferrer\"><i class=\"fa fa-file-pdf-o\" aria-hidden=\"true\"><\/i> Download publication<\/a>\r\n\t\t\r\n\r\n\t\t\r\n\t\t\t<a href=\"http:\/\/www.revistas.unam.mx\/index.php\/mecedupaz\/issue\/view\/5773\/showToc\" title=\"Link publication\" class=\"btn btn-secondary publink\" target=\"_blank\" rel=\"noopener noreferrer\"><i class=\"fa fa-external-link\" aria-hidden=\"true\"><\/i> Link to publication<\/a>\r\n\t\t\r\n\t<\/div>\r\n<\/div><div class=\"pub-listing\">\r\n\t<h2 class=\"pub-title\"><a href=\"https:\/\/icich.icomos.org\/index.php\/publication\/authenticity-value-and-community-involvement-in-heritage-management-under-the-world-heritage-and-intangible-heritage-conventions\/\">Authenticity, Value and Community Involvement in Heritage Management under the World Heritage and Intangible Heritage Conventions<\/a><\/h2>\r\n\t\r\n\t<div class=\"biblio\">\r\n\t\t<p>Deacon, Harriet and Rieks Smeets. 2013. Authenticity, Value and Community Involvement in Heritage Management under the World Heritage and Intangible Heritage Conventions. <em>Heritage and Society<\/em>\u00a06(2): pp. 129-143.<\/p>\n\r\n\t<\/div>\r\n\t\r\n\t<div class=\"files\">\r\n\t\t<a href=\"https:\/\/icich.icomos.org\/index.php\/publication\/authenticity-value-and-community-involvement-in-heritage-management-under-the-world-heritage-and-intangible-heritage-conventions\/\" title=\"Details\" class=\"btn btn-secondary publink\" target=\"_blank\" rel=\"noopener noreferrer\">Details<\/a>\r\n\t\t\r\n\r\n\t\t\r\n\t\t\t<a href=\"https:\/\/www.tandfonline.com\/doi\/abs\/10.1179\/2159032X13Z.0000000009?journalCode=yhso20\" title=\"Link publication\" class=\"btn btn-secondary publink\" target=\"_blank\" rel=\"noopener noreferrer\"><i class=\"fa fa-external-link\" aria-hidden=\"true\"><\/i> Link to publication<\/a>\r\n\t\t\r\n\t<\/div>\r\n<\/div><div class=\"pub-listing\">\r\n\t<h2 class=\"pub-title\"><a href=\"https:\/\/icich.icomos.org\/index.php\/publication\/between-outstanding-universal-value-and-cultural-diversity-heritage-values-in-transition\/\">Between &#8216;Outstanding Universal Value&#8217; and &#8216;Cultural Diversity&#8217; &#8211; heritage values in transition<\/a><\/h2>\r\n\t\r\n\t<div class=\"biblio\">\r\n\t\t<p>Rudolff, B, 2006. Between &#8216;outstanding universal value&#8217; and &#8216;cultural diversity&#8217; &#8211; Heritage values in transition. In M. Albert and S. Gauer-Lietz (eds.).\u00a0<em>Constructing World Heritage<\/em> Frankfort: IKO-Verlag. pp. 109-120.<\/p>\n\r\n\t<\/div>\r\n\t\r\n\t<div class=\"files\">\r\n\t\t<a href=\"https:\/\/icich.icomos.org\/index.php\/publication\/between-outstanding-universal-value-and-cultural-diversity-heritage-values-in-transition\/\" title=\"Details\" class=\"btn btn-secondary publink\" target=\"_blank\" rel=\"noopener noreferrer\">Details<\/a>\r\n\t\t\r\n\r\n\t\t\r\n\t\t\t<a href=\"https:\/\/heritagestudies.eu\/en\/constructing-world-heritage\/\" title=\"Link publication\" class=\"btn btn-secondary publink\" target=\"_blank\" rel=\"noopener noreferrer\"><i class=\"fa fa-external-link\" aria-hidden=\"true\"><\/i> Link to publication<\/a>\r\n\t\t\r\n\t<\/div>\r\n<\/div><div class=\"pub-listing\">\r\n\t<h2 class=\"pub-title\"><a href=\"https:\/\/icich.icomos.org\/index.php\/publication\/sharing-cultures-2019-proceedings-of-the-6th-international-conference-on-intangible-heritage\/\">Built heritage and intangible heritage in historical urban landscapes<\/a><\/h2>\r\n\t\r\n\t<div class=\"biblio\">\r\n\t\t<div class=\"csl-bib-body\">\n<div class=\"csl-entry\">S.-A. Peleg, &#8220;Built heritage and intangible heritage in historical urban landscapes&#8221; in <i>Sharing Cultures 2019 Proceedings of the 6th International Conference on Intangible Heritage<\/i>. 2019. Lira, S\u00e9rgio, Cristina Pinheiro, Rog\u00e9rio Amo\u00eada, Alison McCleery &amp; Alistair McCleery (eds.) \u00a0Guimar\u00e3es, Portugal: Green Lines Institute.<\/div>\n<\/div>\n\r\n\t<\/div>\r\n\t\r\n\t<div class=\"files\">\r\n\t\t<a href=\"https:\/\/icich.icomos.org\/index.php\/publication\/sharing-cultures-2019-proceedings-of-the-6th-international-conference-on-intangible-heritage\/\" title=\"Details\" class=\"btn btn-secondary publink\" target=\"_blank\" rel=\"noopener noreferrer\">Details<\/a>\r\n\t\t\r\n\t\t\t<a href=\"https:\/\/icich.icomos.org\/wp-content\/uploads\/2020\/03\/Sharing-Cultures-2019_BOOK_OF_PROCEEDINGS-1.pdf\" title=\"Download publication\" class=\"btn btn-secondary publink\" target=\"_blank\" rel=\"noopener noreferrer\"><i class=\"fa fa-file-pdf-o\" aria-hidden=\"true\"><\/i> Download publication<\/a>\r\n\t\t\r\n\r\n\t\t\r\n\t<\/div>\r\n<\/div><div class=\"pub-listing\">\r\n\t<h2 class=\"pub-title\"><a href=\"https:\/\/icich.icomos.org\/index.php\/publication\/carnival-festivities-intangible-cultural-values-and-historical-cities\/\">Carnival festivities, intangible cultural values and historical cities<\/a><\/h2>\r\n\t\r\n\t<div class=\"biblio\">\r\n\t\t<p>COLLETTA, Teresa, &#8220;Carnival festivities, intangible cultural values and historical cities&#8221;. in ACTA, EYCH 2018 ICOMOS HELLENIC, <em>Safeguarding the Values of the European Cultural Heritage<\/em>, Athens 2018 (on the occasion of celebrating the European Year of Cultural Heritage).Thema 1: Folktales, myths and traditions: The integrated intangible aspect of European cultural monuments and sites.<\/p>\n\r\n\t<\/div>\r\n\t\r\n\t<div class=\"files\">\r\n\t\t<a href=\"https:\/\/icich.icomos.org\/index.php\/publication\/carnival-festivities-intangible-cultural-values-and-historical-cities\/\" title=\"Details\" class=\"btn btn-secondary publink\" target=\"_blank\" rel=\"noopener noreferrer\">Details<\/a>\r\n\t\t\r\n\t\t\t<a href=\"https:\/\/icich.icomos.org\/wp-content\/uploads\/2020\/06\/COLLETTA-T.-essay-volume-ICOMOS-HELLENIC-2018-2019.pdf\" title=\"Download publication\" class=\"btn btn-secondary publink\" target=\"_blank\" rel=\"noopener noreferrer\"><i class=\"fa fa-file-pdf-o\" aria-hidden=\"true\"><\/i> Download publication<\/a>\r\n\t\t\r\n\r\n\t\t\r\n\t<\/div>\r\n<\/div><div class=\"pub-listing\">\r\n\t<h2 class=\"pub-title\"><a href=\"https:\/\/icich.icomos.org\/index.php\/publication\/charter-on-philosophical-thought-in-cultural-heritage\/\">Charter on Philosophical Thought in Cultural \u201cHeritage\u201d<\/a><\/h2>\r\n\t\r\n\t<div class=\"biblio\">\r\n\t\t<p>Universidad Aut\u00f3noma de Yucat\u00e1n, Universidad Nacional Aut\u00f3noma de M\u00e9xico, Universidad Aut\u00f3noma Metropolitana, Instituto Nacional de Antropolog\u00eda e Historia, Cooperaci\u00f3n Comunitaria, Escuela Nacional de Antropolog\u00eda e Historia and the Universidad de Guanajuato. 2024. Charter on Philosophical Thought in Cultural \u201cHeritage.\u201d<\/p>\n\r\n\t<\/div>\r\n\t\r\n\t<div class=\"files\">\r\n\t\t<a href=\"https:\/\/icich.icomos.org\/index.php\/publication\/charter-on-philosophical-thought-in-cultural-heritage\/\" title=\"Details\" class=\"btn btn-secondary publink\" target=\"_blank\" rel=\"noopener noreferrer\">Details<\/a>\r\n\t\t\r\n\t\t\t<a href=\"https:\/\/icich.icomos.org\/wp-content\/uploads\/2024\/10\/Charter-on-Philosophical-Thought-in-Cultural-Heritage.pdf https:\/\/icich.icomos.org\/wp-content\/uploads\/2024\/10\/Carta_Pensamiento_en_el_Patrimonio.pdf\" title=\"Download publication\" class=\"btn btn-secondary publink\" target=\"_blank\" rel=\"noopener noreferrer\"><i class=\"fa fa-file-pdf-o\" aria-hidden=\"true\"><\/i> Download publication<\/a>\r\n\t\t\r\n\r\n\t\t\r\n\t<\/div>\r\n<\/div><div class=\"pub-listing\">\r\n\t<h2 class=\"pub-title\"><a href=\"https:\/\/icich.icomos.org\/index.php\/publication\/charting-a-way-forward-existing-research-and-future-directions-for-ich-research-related-to-the-intangible-heritage-convention\/\">Charting a way forward: existing research and future directions for ICH research related to the Intangible Heritage Convention<\/a><\/h2>\r\n\t\r\n\t<div class=\"biblio\">\r\n\t\t<p>Deacon, Harriet J. and Chiara Bortolotto. 2012. Charting a way forward: existing research and future directions for ICH research related to the Intangible Heritage Convention. <em>The First ICH-Researchers Forum, Final Report.\u00a0<\/em>IRCI\/Maison des cultures du monde: Tokyo.<\/p>\n\r\n\t<\/div>\r\n\t\r\n\t<div class=\"files\">\r\n\t\t<a href=\"https:\/\/icich.icomos.org\/index.php\/publication\/charting-a-way-forward-existing-research-and-future-directions-for-ich-research-related-to-the-intangible-heritage-convention\/\" title=\"Details\" class=\"btn btn-secondary publink\" target=\"_blank\" rel=\"noopener noreferrer\">Details<\/a>\r\n\t\t\r\n\t\t\t<a href=\"https:\/\/icich.icomos.org\/wp-content\/uploads\/2018\/08\/Charting_a_way_forward_existing_research.pdf\" title=\"Download publication\" class=\"btn btn-secondary publink\" target=\"_blank\" rel=\"noopener noreferrer\"><i class=\"fa fa-file-pdf-o\" aria-hidden=\"true\"><\/i> Download publication<\/a>\r\n\t\t\r\n\r\n\t\t\r\n\t<\/div>\r\n<\/div>\n<p class=\"pods-pagination\">\n\n<span class=\"pods-pagination-advanced \">\n\t\n\t<span\n\t\tclass=\"pods-pagination-number pods-pagination-current \">1<\/span>\n\n\t\t\t\t<a href=\"\/index.php\/wp-json\/wp\/v2\/pages\/828?pg=2\"\n\t\t\t   class=\"pods-pagination-number pods-pagination-2 \">2<\/a>\n\t\t\t\t\t\t<a href=\"\/index.php\/wp-json\/wp\/v2\/pages\/828?pg=3\"\n\t\t\t   class=\"pods-pagination-number pods-pagination-3 \">3<\/a>\n\t\t\t\t\t<a href=\"\/index.php\/wp-json\/wp\/v2\/pages\/828?pg=7\"\n\t\t   class=\"pods-pagination-number pods-pagination-last pods-pagination-7 \">7<\/a>\n\t\t\t\t\t<a href=\"\/index.php\/wp-json\/wp\/v2\/pages\/828?pg=2\"\n\t\t\t   class=\"pods-pagination-label pods-pagination-next \">Next &rsaquo;<\/a>\n\t\t\t\t\t\t\t<a href=\"\/index.php\/wp-json\/wp\/v2\/pages\/828?pg=7\"\n\t\t\t   class=\"pods-pagination-label pods-pagination-last \">Last &raquo;<\/a>\n\t\t\t\t\n<\/span>\n\n<\/p>\n","protected":false},"excerpt":{"rendered":"","protected":false},"author":3,"featured_media":0,"parent":0,"menu_order":0,"comment_status":"closed","ping_status":"closed","template":"","meta":{"footnotes":""},"class_list":["post-828","page","type-page","status-publish","hentry"],"rttpg_featured_image_url":null,"rttpg_author":{"display_name":"Angela Labrador","author_link":"https:\/\/icich.icomos.org\/index.php\/author\/alabra\/"},"rttpg_comment":0,"rttpg_category":null,"rttpg_excerpt":null,"_links":{"self":[{"href":"https:\/\/icich.icomos.org\/index.php\/wp-json\/wp\/v2\/pages\/828","targetHints":{"allow":["GET"]}}],"collection":[{"href":"https:\/\/icich.icomos.org\/index.php\/wp-json\/wp\/v2\/pages"}],"about":[{"href":"https:\/\/icich.icomos.org\/index.php\/wp-json\/wp\/v2\/types\/page"}],"author":[{"embeddable":true,"href":"https:\/\/icich.icomos.org\/index.php\/wp-json\/wp\/v2\/users\/3"}],"replies":[{"embeddable":true,"href":"https:\/\/icich.icomos.org\/index.php\/wp-json\/wp\/v2\/comments?post=828"}],"version-history":[{"count":5,"href":"https:\/\/icich.icomos.org\/index.php\/wp-json\/wp\/v2\/pages\/828\/revisions"}],"predecessor-version":[{"id":911,"href":"https:\/\/icich.icomos.org\/index.php\/wp-json\/wp\/v2\/pages\/828\/revisions\/911"}],"wp:attachment":[{"href":"https:\/\/icich.icomos.org\/index.php\/wp-json\/wp\/v2\/media?parent=828"}],"curies":[{"name":"wp","href":"https:\/\/api.w.org\/{rel}","templated":true}]}}